{"id":6163,"date":"2019-01-29T16:34:46","date_gmt":"2019-01-29T15:34:46","guid":{"rendered":"http:\/\/shop2019.pfarrplatz.at\/?page_id=6163"},"modified":"2025-11-14T11:21:17","modified_gmt":"2025-11-14T10:21:17","slug":"weingut","status":"publish","type":"page","link":"https:\/\/www.rotes-haus.at\/de\/weingut\/","title":{"rendered":"Weingut"},"content":{"rendered":"<div id='av_section_1'  class='avia-section main_color avia-section-default avia-no-border-styling  avia-full-stretch av-parallax-section av-section-color-overlay-active avia-bg-style-parallax  avia-builder-el-0  el_before_av_layout_row  avia-builder-el-first  realbottombg  av-minimum-height av-minimum-height-100  container_wrap fullsize' style=' '  data-section-bg-repeat='stretch' data-av_minimum_height_pc='100'><div class='av-parallax' data-avia-parallax-ratio='0.3' ><div class='av-parallax-inner main_color  avia-full-stretch' style = 'background-repeat: no-repeat; background-image: url(https:\/\/www.rotes-haus.at\/wp-content\/uploads\/sites\/19\/2019\/12\/Ried-Preussen-Vogelperspektive-dunkel.jpg);background-attachment: scroll; background-position: bottom center; ' ><\/div><\/div><div class='av-section-color-overlay-wrap'><div class='av-section-color-overlay' style='opacity: 0.4; background-color: #0a0a0a; '><\/div><div class='container' ><main  role=\"main\" itemprop=\"mainContentOfPage\"  class='template-page content  av-content-full alpha units'><div class='post-entry post-entry-type-page post-entry-6163'><div class='entry-content-wrapper clearfix'>\n<div  style='height:100px' class='hr hr-invisible   avia-builder-el-1  el_before_av_one_fifth  avia-builder-el-first '><span class='hr-inner ' ><span class='hr-inner-style'><\/span><\/span><\/div>\n<div class='flex_column_table av-equal-height-column-flextable -flextable' ><div class=\"flex_column av_one_fifth  flex_column_table_cell av-equal-height-column av-align-middle av-zero-column-padding first  avia-builder-el-2  el_after_av_hr  el_before_av_three_fifth  \" style='border-radius:0px; '><\/div><div class='av-flex-placeholder'><\/div><div class=\"flex_column av_three_fifth  flex_column_table_cell av-equal-height-column av-align-middle av-zero-column-padding   avia-builder-el-3  el_after_av_one_fifth  el_before_av_one_fifth  \" style='border-radius:0px; '><p><div  style='padding-bottom:10px; margin:0 0 0 0; color:#ffffff;' class='av-special-heading av-special-heading-h1 custom-color-heading blockquote modern-quote modern-centered  avia-builder-el-4  el_before_av_hr  avia-builder-el-first  pp_header text-shadow invalid-custom-class-found '><div class ='av-subheading av-subheading_above av_custom_color ' style='font-size:15px;'><p><span style=\"margin-left: 65px;\">unser<\/span><\/p>\n<\/div><h1 class='av-special-heading-tag '  itemprop=\"headline\"  >Terroir<\/h1><div class='special-heading-border'><div class='special-heading-inner-border' style='border-color:#ffffff'><\/div><\/div><\/div><br \/>\n<div  style='height:20px' class='hr hr-invisible   avia-builder-el-5  el_after_av_heading  el_before_av_textblock '><span class='hr-inner ' ><span class='hr-inner-style'><\/span><\/span><\/div><br \/>\n<section class=\"av_textblock_section \"  itemscope=\"itemscope\" itemtype=\"https:\/\/schema.org\/CreativeWork\" ><div class='avia_textblock text-shadow-hard invalid-custom-class-found av_inherit_color '  style='font-size:22px; color:#ffffff; '  itemprop=\"text\" ><p style=\"text-align: center;\">Alte Weing\u00e4rten vor Generationen gepflanzt. Flysch-Mergel B\u00f6den mit viel Muschelkalk welche vor 3 Millionen Jahren entstanden sind und mehr als 100 verschiedene Kleinstlagen mit \u00e4u\u00dferst stark variierenden Bodenformationen. Warme Winde die von der pannonischen Tiefebene heran str\u00f6men, k\u00fchlendes Klima von Wienerwald und Donau. All diese einzigartigen Faktoren lassen gro\u00dfe Weine entstehen.<\/p>\n<\/div><\/section><br \/>\n<div  style='height:200px' class='hr hr-invisible  av-medium-hide av-small-hide av-mini-hide  avia-builder-el-7  el_after_av_textblock  avia-builder-el-last '><span class='hr-inner ' ><span class='hr-inner-style'><\/span><\/span><\/div><\/p><\/div><div class='av-flex-placeholder'><\/div><div class=\"flex_column av_one_fifth  flex_column_table_cell av-equal-height-column av-align-middle av-zero-column-padding   avia-builder-el-8  el_after_av_three_fifth  avia-builder-el-last  \" style='border-radius:0px; '><\/div><\/div><!--close column table wrapper. Autoclose: 1 -->\n\n<\/div><\/div><\/main><!-- close content main element --><\/div><\/div><\/div><div id='av-layout-grid-1'  class='av-layout-grid-container entry-content-wrapper main_color av-flex-cells     avia-builder-el-9  el_after_av_section  el_before_av_layout_row  av-cell-min-height av-cell-min-height-75 submenu-not-first container_wrap fullsize' style=' '   data-av_minimum_height_pc='75'>\n<div class=\"flex_cell no_margin av_one_half  avia-builder-el-10  el_before_av_cell_one_half  avia-builder-el-first   avia-full-stretch av-hide-on-mobile  \"  style='background:url(https:\/\/www.rotes-haus.at\/wp-content\/uploads\/sites\/19\/2019\/11\/RH-Foto-unsere-Vergangenheit-1.jpg) top center no-repeat scroll; vertical-align:middle; padding:30px 10vw 30px 10vw ; ' ><div class='flex_cell_inner' ><\/div><\/div><div class=\"flex_cell no_margin av_one_half  avia-builder-el-11  el_after_av_cell_one_half  avia-builder-el-last   avia-full-stretch \"  style='vertical-align:middle; padding:30px; ' ><div class='flex_cell_inner' ><div class='flex_column_table av-equal-height-column-flextable -flextable' ><div class=\"flex_column av_one_full  flex_column_table_cell av-equal-height-column av-align-middle av-zero-column-padding first  avia-builder-el-12  avia-builder-el-no-sibling  \" style='border-radius:0px; '><p><div  style='height:50px' class='hr hr-invisible  av-desktop-hide av-medium-hide  avia-builder-el-13  el_before_av_heading  avia-builder-el-first '><span class='hr-inner ' ><span class='hr-inner-style'><\/span><\/span><\/div><br \/>\n<div  style='padding-bottom:10px; margin:0 0 0 0; color:#333333;' class='av-special-heading av-special-heading-h1 custom-color-heading blockquote modern-quote modern-centered  avia-builder-el-14  el_after_av_hr  el_before_av_hr  pp_header '><div class ='av-subheading av-subheading_above av_custom_color ' style='font-size:15px;'><p><span style=\"margin-left: -160px;\">unsere<\/span><\/p>\n<\/div><h1 class='av-special-heading-tag '  itemprop=\"headline\"  >Vergangenheit<\/h1><div class='special-heading-border'><div class='special-heading-inner-border' style='border-color:#333333'><\/div><\/div><\/div><br \/>\n<div  style='height:50px' class='hr hr-invisible   avia-builder-el-15  el_after_av_heading  el_before_av_textblock '><span class='hr-inner ' ><span class='hr-inner-style'><\/span><\/span><\/div><br \/>\n<section class=\"av_textblock_section \"  itemscope=\"itemscope\" itemtype=\"https:\/\/schema.org\/CreativeWork\" ><div class='avia_textblock pp_raster_text '  style='font-size:20px; '  itemprop=\"text\" ><p>Einst diente das Haus als Unterkunft f\u00fcr Weingartenarbeiter. Seit 2001 ist es ein Weingut und ein Ort, an dem Freunde des Hauses gerne bei einem Glas Wein verweilen.<\/p>\n<\/div><\/section><\/p><\/div><\/div><!--close column table wrapper. Autoclose: 1 -->\n<\/div><\/div>\n<\/div>\n<div id='av-layout-grid-2'  class='av-layout-grid-container entry-content-wrapper main_color av-flex-cells     avia-builder-el-17  el_after_av_layout_row  el_before_av_layout_row  av-cell-min-height av-cell-min-height-75 submenu-not-first container_wrap fullsize' style=' '   data-av_minimum_height_pc='75'>\n<div class=\"flex_cell no_margin av_one_half  avia-builder-el-18  el_before_av_cell_one_half  avia-builder-el-first   avia-full-stretch \"  style='vertical-align:middle; padding:30px; ' ><div class='flex_cell_inner' ><p><div  style='height:50px' class='hr hr-invisible   avia-builder-el-19  el_before_av_heading  avia-builder-el-first '><span class='hr-inner ' ><span class='hr-inner-style'><\/span><\/span><\/div><br \/>\n<div  style='padding-bottom:10px; margin:0 0 0 0; color:#333333;' class='av-special-heading av-special-heading-h1 custom-color-heading blockquote modern-quote modern-centered  avia-builder-el-20  el_after_av_hr  el_before_av_hr  pp_header text-shadow-hards mt-m20 '><div class ='av-subheading av-subheading_above av_custom_color ' style='font-size:15px;'><p><span style=\"margin-left: 80px;\">unser<\/span><\/p>\n<\/div><h1 class='av-special-heading-tag '  itemprop=\"headline\"  >Team<\/h1><div class='special-heading-border'><div class='special-heading-inner-border' style='border-color:#333333'><\/div><\/div><\/div><br \/>\n<div  style='height:50px' class='hr hr-invisible   avia-builder-el-21  el_after_av_heading  el_before_av_image '><span class='hr-inner ' ><span class='hr-inner-style'><\/span><\/span><\/div><br \/>\n<div  class='avia-image-container  av-styling-   av-desktop-hide  avia-builder-el-22  el_after_av_hr  el_before_av_textblock  avia-align-center '  itemprop=\"image\" itemscope=\"itemscope\" itemtype=\"https:\/\/schema.org\/ImageObject\"  ><div class='avia-image-container-inner'><div class='avia-image-overlay-wrap'><img decoding=\"async\" class='wp-image-40886 avia-img-lazy-loading-not-40886 avia_image' src=\"https:\/\/www.rotes-haus.at\/wp-content\/uploads\/sites\/19\/2025\/11\/OeTW_Mayer_am_Pfarrplatz_Julius_Hirtzberger_L1070506-Kopie-1030x904.jpg\" alt='' title='\u00d6TW_Mayer_am_Pfarrplatz_Julius_Hirtzberger' height=\"904\" width=\"1030\"  itemprop=\"thumbnailUrl\"  \/><\/div><\/div><\/div><br \/>\n<section class=\"av_textblock_section \"  itemscope=\"itemscope\" itemtype=\"https:\/\/schema.org\/CreativeWork\" ><div class='avia_textblock pp_raster_text '  style='font-size:19px; '  itemprop=\"text\" ><p style=\"text-align: left;\"><strong>von links nach rechts:<\/strong> Paul Kiefer, Pascal Raab, Thomas Podsednik, Kardelen Acikg\u00f6z, Dragos Pavelescu, Wolfgang Galler, Dorottya Benedek, Francesco Scarselli und Andreas Koiser.<\/p>\n<\/div><\/section><\/p>\n<\/div><\/div><div class=\"flex_cell no_margin av_one_half  avia-builder-el-24  el_after_av_cell_one_half  avia-builder-el-last   avia-full-contain av-hide-on-mobile  \"  style='background:url(https:\/\/www.rotes-haus.at\/wp-content\/uploads\/sites\/19\/2025\/11\/OeTW_Mayer_am_Pfarrplatz_Julius_Hirtzberger_L1070506-Kopie-1030x904.jpg) top left no-repeat scroll; vertical-align:middle; padding:30px; ' ><div class='flex_cell_inner' ><\/div><\/div><\/div><div id='av-layout-grid-3'  class='av-layout-grid-container entry-content-wrapper main_color av-flex-cells     avia-builder-el-25  el_after_av_layout_row  el_before_av_layout_row  av-cell-min-height av-cell-min-height-75 submenu-not-first container_wrap fullsize' style=' '   data-av_minimum_height_pc='75'>\n<div class=\"flex_cell no_margin av_one_half  avia-builder-el-26  el_before_av_cell_one_half  avia-builder-el-first   avia-full-stretch av-hide-on-mobile  \"  style='background:url(https:\/\/www.rotes-haus.at\/wp-content\/uploads\/sites\/19\/2019\/11\/Foto-Hans-Schmid.jpg) center center no-repeat scroll; vertical-align:top; padding:30px; ' ><div class='flex_cell_inner' ><\/div><\/div><div class=\"flex_cell no_margin av_one_half  avia-builder-el-27  el_after_av_cell_one_half  avia-builder-el-last   \"  style='vertical-align:middle; padding:30px; ' ><div class='flex_cell_inner' ><p><div  style='height:50px' class='hr hr-invisible  av-desktop-hide av-medium-hide  avia-builder-el-28  el_before_av_heading  avia-builder-el-first '><span class='hr-inner ' ><span class='hr-inner-style'><\/span><\/span><\/div><br \/>\n<div  style='padding-bottom:10px; margin:0 0 0 0; color:#383838;' class='av-special-heading av-special-heading-h1 custom-color-heading blockquote modern-quote modern-centered  avia-builder-el-29  el_after_av_hr  el_before_av_hr  pp_header '><div class ='av-subheading av-subheading_above av_custom_color ' style='font-size:15px;'><p><span style=\"margin-left: 60px;\">unsere<\/span><\/p>\n<\/div><h1 class='av-special-heading-tag '  itemprop=\"headline\"  >Vision<\/h1><div class='special-heading-border'><div class='special-heading-inner-border' style='border-color:#383838'><\/div><\/div><\/div><br \/>\n<div  style='height:50px' class='hr hr-invisible   avia-builder-el-30  el_after_av_heading  el_before_av_image '><span class='hr-inner ' ><span class='hr-inner-style'><\/span><\/span><\/div><br \/>\n<div  class='avia-image-container  av-styling-   av-desktop-hide  avia-builder-el-31  el_after_av_hr  el_before_av_textblock  avia-align-center '  itemprop=\"image\" itemscope=\"itemscope\" itemtype=\"https:\/\/schema.org\/ImageObject\"  ><div class='avia-image-container-inner'><div class='avia-image-overlay-wrap'><img decoding=\"async\" class='wp-image-8017 avia-img-lazy-loading-not-8017 avia_image' src=\"https:\/\/www.rotes-haus.at\/wp-content\/uploads\/sites\/19\/2019\/11\/Foto-Hans-Schmid.jpg\" alt='' title='Foto Hans Schmid' height=\"1067\" width=\"1600\"  itemprop=\"thumbnailUrl\"  \/><\/div><\/div><\/div><br \/>\n<section class=\"av_textblock_section \"  itemscope=\"itemscope\" itemtype=\"https:\/\/schema.org\/CreativeWork\" ><div class='avia_textblock pp_raster_text '  style='font-size:20px; '  itemprop=\"text\" ><p>Das bezaubernde Rote Haus, die sagenhafte Edellage Nussberg, der himmlische Ausblick \u2013 all das weckte Begeisterung bei Hans Schmid. Hier hat er seine Idee geboren, hier seinen Traum verwirklicht, gro\u00dfartigen Wiener Wein zu keltern. Er erwarb das Kleinod am Hang der bedeutenden Riede samt den umliegenden Rebfl\u00e4chen. Die erstklassigen Weine vom Roten Haus sind Ausdruck dieser tiefen Leidenschaft und des gro\u00dfen Idealismus.<\/p>\n<\/div><\/section><\/p>\n<\/div><\/div>\n<\/div><\/p>\n<div id='av-layout-grid-4'  class='av-layout-grid-container entry-content-wrapper main_color av-flex-cells     avia-builder-el-33  el_after_av_layout_row  el_before_av_layout_row  av-cell-min-height av-cell-min-height-75 submenu-not-first container_wrap fullsize' style=' '   data-av_minimum_height_pc='75'>\n<div class=\"flex_cell no_margin av_one_half  avia-builder-el-34  el_before_av_cell_one_half  avia-builder-el-first  pp_raster_text  avia-full-stretch \"  style='vertical-align:middle; padding:30px; ' ><div class='flex_cell_inner' ><p><div  style='padding-bottom:10px; margin:0 0 0 0; color:#333333;' class='av-special-heading av-special-heading-h2 custom-color-heading blockquote modern-quote modern-centered  avia-builder-el-35  el_before_av_hr  avia-builder-el-first  pp_header '><h2 class='av-special-heading-tag '  itemprop=\"headline\"  >Wiener Gemischter Satz <span class=\"dac\" style=\"font-size: 0.7em; font-weight: bold;\">DAC<\/span><br \/>\neinst und jetzt.<\/h2><div class='special-heading-border'><div class='special-heading-inner-border' style='border-color:#333333'><\/div><\/div><\/div><br \/>\n<div  style='height:50px' class='hr hr-invisible   avia-builder-el-36  el_after_av_heading  el_before_av_image '><span class='hr-inner ' ><span class='hr-inner-style'><\/span><\/span><\/div><br \/>\n<div  class='avia-image-container  av-styling-   av-desktop-hide av-medium-hide  avia-builder-el-37  el_after_av_hr  el_before_av_textblock  avia-align-center '  itemprop=\"image\" itemscope=\"itemscope\" itemtype=\"https:\/\/schema.org\/ImageObject\"  ><div class='avia-image-container-inner'><div class='avia-image-overlay-wrap'><img decoding=\"async\" class='wp-image-8019 avia-img-lazy-loading-not-8019 avia_image' src=\"https:\/\/www.rotes-haus.at\/wp-content\/uploads\/sites\/19\/2019\/11\/WGS-Trauben-Lese2.jpg\" alt='' title='WGS Trauben Lese2' height=\"1201\" width=\"1800\"  itemprop=\"thumbnailUrl\"  \/><\/div><\/div><\/div><br \/>\n<section class=\"av_textblock_section \"  itemscope=\"itemscope\" itemtype=\"https:\/\/schema.org\/CreativeWork\" ><div class='avia_textblock pp_raster_text '  style='font-size:20px; '  itemprop=\"text\" ><p>Einst als einfacher Wein abgetan, nun Stolz der Wiener. Seit Generationen wird der Wein in unserem Haus aus Chardonnay, Wei\u00dfburgunder, Grauburgunder, Neuburger und Traminer vinifziert. Gemeinsam ausgepflanzt, geerntet und vergoren- in ihm b\u00fcndeln sich Charaktere mehrerer ausdrucksvoller Sorten und machen ihn so einzigartig in seiner Aromatik. Mit dem Jahrgang 2013 erreicht der Wiener Gemischte Satz \u2013 den DAC-Status und somit eine gesch\u00fctzte Herkunftsbezeichnung. Er ist einer der traditionsreichsten Weine \u00d6sterreichs und ein St\u00fcck Identit\u00e4t der Weinstadt Wien.<\/p>\n<\/div><\/section><\/p>\n<\/div><\/div><div class=\"flex_cell no_margin av_one_half  avia-builder-el-39  el_after_av_cell_one_half  avia-builder-el-last   avia-full-stretch av-hide-on-mobile  \"  style='background:url(https:\/\/www.rotes-haus.at\/wp-content\/uploads\/sites\/19\/2019\/11\/WGS-Trauben-Lese2-1030x687.jpg) center center no-repeat scroll; vertical-align:middle; padding:30px 10vw 30px 10vw ; ' ><div class='flex_cell_inner' ><\/div><\/div>\n<\/div>\n<div id='av-layout-grid-5'  class='av-layout-grid-container entry-content-wrapper main_color av-flex-cells     avia-builder-el-40  el_after_av_layout_row  el_before_av_layout_row  weingut_logo_grid av-cell-min-height av-cell-min-height-25 submenu-not-first container_wrap fullsize' style=' '   data-av_minimum_height_pc='25'>\n<div class=\"flex_cell no_margin av_four_fifth  avia-builder-el-41  el_before_av_cell_one_fifth  avia-builder-el-first   \"  style='background: #f8f8f8; vertical-align:top; padding:30px; background-color:#f8f8f8; ' ><div class='flex_cell_inner' ><p><div class='flex_column_table av-equal-height-column-flextable -flextable' ><div class=\"flex_column av_three_fifth  no_margin flex_column_table_cell av-equal-height-column av-align-middle av-zero-column-padding first  avia-builder-el-42  el_before_av_two_fifth  avia-builder-el-first  \" style='border-radius:0px; '><p><div  style='height:25px' class='hr hr-invisible  av-desktop-hide av-medium-hide  avia-builder-el-43  el_before_av_heading  avia-builder-el-first '><span class='hr-inner ' ><span class='hr-inner-style'><\/span><\/span><\/div><br \/>\n<div  style='padding-bottom:10px; margin:0 0 0 0; color:#333333;' class='av-special-heading av-special-heading-h2 custom-color-heading blockquote modern-quote modern-centered  avia-builder-el-44  el_after_av_hr  el_before_av_hr  pp_header '><h2 class='av-special-heading-tag '  itemprop=\"headline\"  >Was hinter unserer Arbeit steckt.<\/h2><div class='special-heading-border'><div class='special-heading-inner-border' style='border-color:#333333'><\/div><\/div><\/div><br \/>\n<div  style='height:25px' class='hr hr-invisible   avia-builder-el-45  el_after_av_heading  avia-builder-el-last '><span class='hr-inner ' ><span class='hr-inner-style'><\/span><\/span><\/div><\/p><\/div><div class=\"flex_column av_two_fifth  no_margin flex_column_table_cell av-equal-height-column av-align-middle av-zero-column-padding   avia-builder-el-46  el_after_av_three_fifth  avia-builder-el-last  \" style='border-radius:0px; '><section class=\"av_textblock_section \"  itemscope=\"itemscope\" itemtype=\"https:\/\/schema.org\/CreativeWork\" ><div class='avia_textblock  '  style='font-size:20px; '  itemprop=\"text\" ><p>&#8222;Nachhaltig Austria&#8220; zertifiziert, arbeiten wir naturnah und schonend in Weing\u00e4rten und Keller.<\/p>\n<p>Selektive Handlese in mehrfachen Lesedurchg\u00e4ngen lassen sortentypische und trinkfreudige Weine entstehen.<\/p>\n<p>Die Stilistik der Weine von Mayer am Pfarrplatz ist von eleganter Struktur, Finesse und Trinkfreudigkeit gepr\u00e4gt.<\/p>\n<\/div><\/section><\/div><\/div><!--close column table wrapper. Autoclose: 1 --><\/p>\n<\/div><\/div><div class=\"flex_cell no_margin av_one_fifth  avia-builder-el-48  el_after_av_cell_four_fifth  avia-builder-el-last   \"  style='background: #f8f8f8; vertical-align:middle; padding:30px; background-color:#f8f8f8; ' ><div class='flex_cell_inner' ><div class=\"flex_column av_one_full  flex_column_div av-zero-column-padding first  avia-builder-el-49  avia-builder-el-no-sibling  \" style='border-radius:0px; '><div  class='avia-image-container  av-styling-    avia-builder-el-50  avia-builder-el-no-sibling  image_100 avia-align-center '  itemprop=\"image\" itemscope=\"itemscope\" itemtype=\"https:\/\/schema.org\/ImageObject\"  ><div class='avia-image-container-inner'><div class='avia-image-overlay-wrap'><img decoding=\"async\" class='wp-image-8026 avia-img-lazy-loading-not-8026 avia_image' src=\"https:\/\/www.rotes-haus.at\/wp-content\/uploads\/sites\/19\/2019\/11\/Nachhaltigkeit_Logos_DE.jpg\" alt='' title='Nachhaltigkeit_Logos_DE' height=\"608\" width=\"513\"  itemprop=\"thumbnailUrl\"  \/><\/div><\/div><\/div><\/div>\n<\/div><\/div>\n<\/div>\n<div id='av-layout-grid-6'  class='av-layout-grid-container entry-content-wrapper main_color av-flex-cells     avia-builder-el-51  el_after_av_layout_row  avia-builder-el-last  weingut_logo_grid av-cell-min-height av-cell-min-height-25 submenu-not-first container_wrap fullsize' style=' '   data-av_minimum_height_pc='25'>\n<div class=\"flex_cell no_margin av_one_fifth  avia-builder-el-52  el_before_av_cell_four_fifth  avia-builder-el-first   \" ><div class='flex_cell_inner' ><div class=\"flex_column av_one_full  flex_column_div av-zero-column-padding first  avia-builder-el-53  avia-builder-el-no-sibling  \" style='border-radius:0px; '><p><div  style='height:25px' class='hr hr-invisible  av-desktop-hide av-medium-hide  avia-builder-el-54  el_before_av_heading  avia-builder-el-first '><span class='hr-inner ' ><span class='hr-inner-style'><\/span><\/span><\/div><br \/>\n<div  style='padding-bottom:10px; margin:0 0 0 0; color:#333333;' class='av-special-heading av-special-heading-h2 custom-color-heading blockquote modern-quote modern-centered  avia-builder-el-55  el_after_av_hr  el_before_av_hr  pp_header  av-desktop-hide av-medium-hide'><h2 class='av-special-heading-tag '  itemprop=\"headline\"  >Gemeinsam ist man st\u00e4rker.<\/h2><div class='special-heading-border'><div class='special-heading-inner-border' style='border-color:#333333'><\/div><\/div><\/div><br \/>\n<div  style='height:25px' class='hr hr-invisible  av-small-hide av-mini-hide  avia-builder-el-56  el_after_av_heading  el_before_av_image '><span class='hr-inner ' ><span class='hr-inner-style'><\/span><\/span><\/div><br \/>\n<div  class='avia-image-container  av-styling-   av-small-hide av-mini-hide  avia-builder-el-57  el_after_av_hr  el_before_av_image  image_100 avia-align-center '  itemprop=\"image\" itemscope=\"itemscope\" itemtype=\"https:\/\/schema.org\/ImageObject\"  ><div class='avia-image-container-inner'><div class='avia-image-overlay-wrap'><img decoding=\"async\" class='wp-image-8022 avia-img-lazy-loading-not-8022 avia_image' src=\"https:\/\/www.rotes-haus.at\/wp-content\/uploads\/sites\/19\/2019\/11\/wienwein_pad-1-300x169.png\" alt='' title='wienwein_pad-1-300x169' height=\"169\" width=\"300\"  itemprop=\"thumbnailUrl\"  \/><\/div><\/div><\/div><br \/>\n<div  class='avia-image-container  av-styling-   av-small-hide av-mini-hide  avia-builder-el-58  el_after_av_image  avia-builder-el-last  image_100 avia-align-center '  itemprop=\"image\" itemscope=\"itemscope\" itemtype=\"https:\/\/schema.org\/ImageObject\"  ><div class='avia-image-container-inner'><div class='avia-image-overlay-wrap'><img decoding=\"async\" class='wp-image-8024 avia-img-lazy-loading-not-8024 avia_image' src=\"https:\/\/www.rotes-haus.at\/wp-content\/uploads\/sites\/19\/2019\/11\/oesterreichische-traditionsweingueter-siegel-malat-300x300.png\" alt='' title='oesterreichische-traditionsweingueter-siegel-malat-300x300' height=\"300\" width=\"300\"  itemprop=\"thumbnailUrl\"  \/><\/div><\/div><\/div><\/p><\/div>\n<\/div><\/div><div class=\"flex_cell no_margin av_four_fifth  avia-builder-el-59  el_after_av_cell_one_fifth  avia-builder-el-last   \"  style='vertical-align:middle; padding:30px; ' ><div class='flex_cell_inner' ><p><div class='flex_column_table av-equal-height-column-flextable -flextable' ><div class=\"flex_column av_two_fifth  flex_column_table_cell av-equal-height-column av-align-middle av-zero-column-padding first  avia-builder-el-60  el_before_av_three_fifth  avia-builder-el-first  \" style='border-radius:0px; '><p><section class=\"av_textblock_section \"  itemscope=\"itemscope\" itemtype=\"https:\/\/schema.org\/CreativeWork\" ><div class='avia_textblock  '  style='font-size:20px; '  itemprop=\"text\" ><p><strong>\u00a0<\/strong>Als Mitglied von Wien Wein und den \u00f6sterreichischen Traditionsweing\u00fctern arbeiten wir gemeinsam an Weinen mit internationalem Format.<\/p>\n<p>Die besten Lagen Wiens herauszuarbeiten und damit besonders charakterstarke und langlebige Weine hervorzubringen &#8211; das ist die Zielsetzung der Wiener Traditionsweing\u00fcter.<\/p>\n<\/div><\/section><br \/>\n<br \/>\n<\/p><\/div><div class='av-flex-placeholder'><\/div><div class=\"flex_column av_three_fifth  flex_column_table_cell av-equal-height-column av-align-middle av-zero-column-padding   avia-builder-el-64  el_after_av_two_fifth  avia-builder-el-last  \" style='border-radius:0px; '><p><div  style='padding-bottom:10px; margin:0 0 0 0; color:#333333;' class='av-special-heading av-special-heading-h2 custom-color-heading blockquote modern-quote modern-centered  avia-builder-el-65  el_before_av_hr  avia-builder-el-first  pp_header  av-small-hide av-mini-hide'><h2 class='av-special-heading-tag '  itemprop=\"headline\"  >Gemeinsam ist man st\u00e4rker.<\/h2><div class='special-heading-border'><div class='special-heading-inner-border' style='border-color:#333333'><\/div><\/div><\/div><br \/>\n<div  style='height:25px' class='hr hr-invisible   avia-builder-el-66  el_after_av_heading  avia-builder-el-last '><span class='hr-inner ' ><span class='hr-inner-style'><\/span><\/span><\/div><\/p><\/div><\/div><!--close column table wrapper. Autoclose: 1 --><\/p>\n<\/div><\/div>\n<\/div>\n","protected":false},"excerpt":{"rendered":"","protected":false},"author":72,"featured_media":0,"parent":0,"menu_order":14,"comment_status":"closed","ping_status":"closed","template":"","meta":{"footnotes":""},"class_list":["post-6163","page","type-page","status-publish","hentry"],"_links":{"self":[{"href":"https:\/\/www.rotes-haus.at\/de\/wp-json\/wp\/v2\/pages\/6163","targetHints":{"allow":["GET"]}}],"collection":[{"href":"https:\/\/www.rotes-haus.at\/de\/wp-json\/wp\/v2\/pages"}],"about":[{"href":"https:\/\/www.rotes-haus.at\/de\/wp-json\/wp\/v2\/types\/page"}],"author":[{"embeddable":true,"href":"https:\/\/www.rotes-haus.at\/de\/wp-json\/wp\/v2\/users\/72"}],"replies":[{"embeddable":true,"href":"https:\/\/www.rotes-haus.at\/de\/wp-json\/wp\/v2\/comments?post=6163"}],"version-history":[{"count":10,"href":"https:\/\/www.rotes-haus.at\/de\/wp-json\/wp\/v2\/pages\/6163\/revisions"}],"predecessor-version":[{"id":40885,"href":"https:\/\/www.rotes-haus.at\/de\/wp-json\/wp\/v2\/pages\/6163\/revisions\/40885"}],"wp:attachment":[{"href":"https:\/\/www.rotes-haus.at\/de\/wp-json\/wp\/v2\/media?parent=6163"}],"curies":[{"name":"wp","href":"https:\/\/api.w.org\/{rel}","templated":true}]}}