{"id":5553,"date":"2019-01-16T15:15:31","date_gmt":"2019-01-16T14:15:31","guid":{"rendered":"http:\/\/shop2019.pfarrplatz.at\/?page_id=5553"},"modified":"2022-09-16T12:27:37","modified_gmt":"2022-09-16T10:27:37","slug":"lagen-2","status":"publish","type":"page","link":"https:\/\/www.rotes-haus.at\/de\/lagen-2\/","title":{"rendered":"Lagen"},"content":{"rendered":"<div id='av_section_1'  class='avia-section alternate_color avia-section-default avia-no-border-styling  avia-bg-style-scroll  avia-builder-el-0  el_before_av_layout_row  avia-builder-el-first  normalfont  container_wrap fullsize' style=' '  ><div class='container' ><main  role=\"main\" itemprop=\"mainContentOfPage\"  class='template-page content  av-content-full alpha units'><div class='post-entry post-entry-type-page post-entry-5553'><div class='entry-content-wrapper clearfix'>\n<div  style='padding-bottom:10px; margin:0 0 0 0; color:#333333;' class='av-special-heading av-special-heading-h1 custom-color-heading blockquote modern-quote modern-centered  avia-builder-el-1  el_before_av_hr  avia-builder-el-first  pp_header '><div class ='av-subheading av-subheading_above av_custom_color ' style='font-size:15px;'><\/div><h1 class='av-special-heading-tag '  itemprop=\"headline\"  >Ortsweine<\/h1><div class='special-heading-border'><div class='special-heading-inner-border' style='border-color:#333333'><\/div><\/div><\/div>\n<div  style='height:20px' class='hr hr-invisible   avia-builder-el-2  el_after_av_heading  el_before_av_textblock '><span class='hr-inner ' ><span class='hr-inner-style'><\/span><\/span><\/div>\n<section class=\"av_textblock_section \"  itemscope=\"itemscope\" itemtype=\"https:\/\/schema.org\/CreativeWork\" ><div class='avia_textblock  '  style='font-size:20px; '  itemprop=\"text\" ><p style=\"text-align: center;\">Sie enstammen hochwertigen, charaktervollen und traditionellen Weinbergen dem Wiener Nussberg.<\/p>\n<\/div><\/section>\n\n<\/div><\/div><\/main><!-- close content main element --><\/div><\/div><div id='av-layout-grid-1'  class='av-layout-grid-container entry-content-wrapper main_color av-flex-cells     avia-builder-el-4  el_after_av_section  el_before_av_section  av-cell-min-height av-cell-min-height-75 submenu-not-first container_wrap fullsize' style=' '   data-av_minimum_height_pc='75'>\n<div class=\"flex_cell no_margin av_one_half  avia-builder-el-5  el_before_av_cell_one_half  avia-builder-el-first   \"  style='vertical-align:middle; padding:30px; ' ><div class='flex_cell_inner' ><p><div  style='padding-bottom:10px; margin:0 0 0 0; color:#333333;' class='av-special-heading av-special-heading-h2 custom-color-heading blockquote modern-quote modern-centered  avia-builder-el-6  el_before_av_hr  avia-builder-el-first  pp_header '><h2 class='av-special-heading-tag '  itemprop=\"headline\"  >Nussberg<\/h2><div class='special-heading-border'><div class='special-heading-inner-border' style='border-color:#333333'><\/div><\/div><\/div><br \/>\n<div  style='height:50px' class='hr hr-invisible   avia-builder-el-7  el_after_av_heading  el_before_av_image '><span class='hr-inner ' ><span class='hr-inner-style'><\/span><\/span><\/div><br \/>\n<div  class='avia-image-container  av-styling-   av-desktop-hide av-medium-hide  avia-builder-el-8  el_after_av_hr  el_before_av_image  avia-align-center '  itemprop=\"image\" itemscope=\"itemscope\" itemtype=\"https:\/\/schema.org\/ImageObject\"  ><div class='avia-image-container-inner'><div class='avia-image-overlay-wrap'><img decoding=\"async\" class='wp-image-8043 avia-img-lazy-loading-not-8043 avia_image' src=\"https:\/\/www.rotes-haus.at\/wp-content\/uploads\/sites\/19\/2019\/11\/WienerLagen_161022_Gollin621E.jpg\" alt='' title='WienerLagen_161022_Gollin621E' height=\"1667\" width=\"2500\"  itemprop=\"thumbnailUrl\"  \/><\/div><\/div><\/div><br \/>\n<br \/>\n<section class=\"av_textblock_section \"  itemscope=\"itemscope\" itemtype=\"https:\/\/schema.org\/CreativeWork\" ><div class='avia_textblock pp_lagen_text '  style='font-size:18px; '  itemprop=\"text\" ><p>Einst nannte man ihn Weingebirg \u2013 Wiens Paradelage, der Wiener Nussberg.<\/p>\n<p>Die s\u00fcdliche Hangneigung und die kalkreichen B\u00f6den bieten perfekte Bedingungen f\u00fcr Riesling, Gemischten Satz und Burgundersorten.<\/p>\n<p>Die Vielfalt der Rebsorten resultiert aus der Tradition des Heurigen und der gro\u00dfen geologischen Unterschiede am Nussberg. Der Kalkgehalt variiert zwischen 25 % und 65 % und vereint sich mit Lehm, Ton und Sand.<\/p>\n<p>Muscheln, einst vom Meer angeschwemmt, lassen in den Weinen vom Nussberg eine vielschichtige Mineralik entstehen.<\/p>\n<p>Der Einfluss von Wienerwald und Donau garantieren ein perfektes Mikroklima, das sich k\u00fchlend auswirkt und so die wichtigen Fruchtaromen pr\u00e4gt.<\/p>\n<p>Der Nussberg z\u00e4hlt zweifellos zu \u00d6sterreichs Top Lagen.<\/p>\n<p>Weine: <strong><a href=\"https:\/\/shop.pfarrplatz.com\/de\/wein\/wiener-gemischter-satz-dac-2\/\">Wiener Gemischter Satz DAC<\/a>, <a href=\"https:\/\/shop.pfarrplatz.com\/de\/wein\/wiener-gemischter-satz-dac-nussberg-2\/\">Nussberg Wiener Gemischter Satz DAC<\/a>, <a href=\"https:\/\/shop.pfarrplatz.com\/de\/wein\/ried-preussen-nussberg-wiener-gemischter-satz-dac-erste-lage-3\/\">Ried Preussen- Nussberg Wiener Gemischter Satz DAC<\/a>, <a href=\"https:\/\/shop.pfarrplatz.com\/de\/wein\/ried-langteufel-nussberg-wiener-gemischter-satz-dac-erste-lage-2\/\">Ried Langteufel- Nussberg Wiener Gemischter Satz DAC<\/a>, <a href=\"https:\/\/shop.pfarrplatz.com\/de\/wein\/gruener-veltliner-nussberg\/\">Nussberg Gr\u00fcner Veltliner<\/a>, <a href=\"https:\/\/shop.pfarrplatz.com\/de\/wein\/chardonnay-nussberg\/\">Nussberg Chardonnay<\/a>, <a href=\"https:\/\/shop.pfarrplatz.com\/de\/wein\/nussberg-traminer\/\">Nussberg Traminer<\/a><\/strong><\/p>\n<\/div><\/section><\/p>\n<\/div><\/div><div class=\"flex_cell no_margin av_one_half  avia-builder-el-11  el_after_av_cell_one_half  avia-builder-el-last   avia-full-stretch av-hide-on-mobile  \"  style='background:url(https:\/\/www.rotes-haus.at\/wp-content\/uploads\/sites\/19\/2019\/11\/WienerLagen_161022_Gollin621E.jpg) bottom center no-repeat scroll; vertical-align:top; padding:30px; ' ><div class='flex_cell_inner' ><\/div><\/div><\/div><div id='av_section_2'  class='avia-section alternate_color avia-section-default avia-no-border-styling  avia-bg-style-scroll  avia-builder-el-12  el_after_av_layout_row  el_before_av_layout_row  normalfont  container_wrap fullsize' style=' '  ><div class='container' ><div class='template-page content  av-content-full alpha units'><div class='post-entry post-entry-type-page post-entry-5553'><div class='entry-content-wrapper clearfix'>\n<section class=\"av_textblock_section \"  itemscope=\"itemscope\" itemtype=\"https:\/\/schema.org\/CreativeWork\" ><div class='avia_textblock erste_lagen_header '  style='font-size:20px; '  itemprop=\"text\" ><h3 style=\"text-align: center;\">Erste Lagen Weine\u00a0 <img loading=\"lazy\" decoding=\"async\" class=\"alignnone size-full wp-image-7198 oetw_klein oetw_rechts\" src=\"https:\/\/www.rotes-haus.at\/wp-content\/uploads\/sites\/19\/2019\/05\/1oetw-grau_freigestellt.png\" alt=\"\" width=\"42\" height=\"30\" \/><\/h3>\n<\/div><\/section>\n<div  style='height:20px' class='hr hr-invisible   avia-builder-el-14  el_after_av_textblock  el_before_av_textblock '><span class='hr-inner ' ><span class='hr-inner-style'><\/span><\/span><\/div>\n<section class=\"av_textblock_section \"  itemscope=\"itemscope\" itemtype=\"https:\/\/schema.org\/CreativeWork\" ><div class='avia_textblock  '  style='font-size:20px; '  itemprop=\"text\" ><p style=\"text-align: center;\">Diese Lagenklassifizierung steht f\u00fcr die allerbesten Rieden (Erste Lagen) einer Weinbauregion und gilt nur f\u00fcr gebietstypische Rebsorten.<\/p>\n<\/div><\/section>\n<\/p>\n<\/div><\/div><\/div><!-- close content main div --><\/div><\/div><div id='av-layout-grid-2'  class='av-layout-grid-container entry-content-wrapper main_color av-flex-cells     avia-builder-el-16  el_after_av_section  el_before_av_layout_row  av-cell-min-height av-cell-min-height-75 submenu-not-first container_wrap fullsize' style=' '   data-av_minimum_height_pc='75'>\n<div class=\"flex_cell no_margin av_one_half  avia-builder-el-17  el_before_av_cell_one_half  avia-builder-el-first   avia-full-stretch av-hide-on-mobile  \"  style='background:url(https:\/\/www.rotes-haus.at\/wp-content\/uploads\/sites\/19\/2019\/11\/Ried-Preussen-Blick-Richtung-Stadt-1.jpg) bottom center no-repeat scroll; vertical-align:top; padding:30px; ' ><div class='flex_cell_inner' ><\/div><\/div><div class=\"flex_cell no_margin av_one_half  avia-builder-el-18  el_after_av_cell_one_half  avia-builder-el-last   avia-full-stretch \"  style='vertical-align:middle; padding:30px; ' ><div class='flex_cell_inner' ><p><div  style='padding-bottom:10px; margin:0 0 0 0; color:#333333;' class='av-special-heading av-special-heading-h2 custom-color-heading blockquote modern-quote modern-centered  avia-builder-el-19  el_before_av_hr  avia-builder-el-first  pp_header '><h2 class='av-special-heading-tag '  itemprop=\"headline\"  >Ried Preussen-Nussberg<\/h2><div class='special-heading-border'><div class='special-heading-inner-border' style='border-color:#333333'><\/div><\/div><\/div><br \/>\n<div  style='height:50px' class='hr hr-invisible   avia-builder-el-20  el_after_av_heading  el_before_av_image '><span class='hr-inner ' ><span class='hr-inner-style'><\/span><\/span><\/div><br \/>\n<div  class='avia-image-container  av-styling-   av-desktop-hide av-medium-hide  avia-builder-el-21  el_after_av_hr  el_before_av_image  avia-align-center '  itemprop=\"image\" itemscope=\"itemscope\" itemtype=\"https:\/\/schema.org\/ImageObject\"  ><div class='avia-image-container-inner'><div class='avia-image-overlay-wrap'><img decoding=\"async\" class='wp-image-8099 avia-img-lazy-loading-not-8099 avia_image' src=\"https:\/\/www.rotes-haus.at\/wp-content\/uploads\/sites\/19\/2019\/11\/Ried-Preussen-Blick-Richtung-Stadt-1.jpg\" alt='' title='Ried Preussen Blick Richtung Stadt (1)' height=\"1000\" width=\"1500\"  itemprop=\"thumbnailUrl\"  \/><\/div><\/div><\/div><br \/>\n<br \/>\n<section class=\"av_textblock_section \"  itemscope=\"itemscope\" itemtype=\"https:\/\/schema.org\/CreativeWork\" ><div class='avia_textblock pp_lagen_text '  style='font-size:18px; '  itemprop=\"text\" ><p>Schon 1501 erstmals urkundlich erw\u00e4hnt, benannt nach dem k\u00f6niglichen Rat Heinrich Preussel \u2013 nicht nach den Preussen, wie irrt\u00fcmlicherweise oft behauptet.<\/p>\n<p>Die Preussen liegt in der \u201eMittleren Schos\u201c der sich in drei Terrassen gliedernden Grosslage \u201eNussberg\u201c. In dem nach S\u00fcden exponierten \u201eFiletst\u00fcck\u201c ist der Kalkgehalt der<\/p>\n<p>vor Millionen Jahren angeschwemmten Fossilien und Muscheln sehr hoch. Seit jeher gilt die Preussen als Paradelage am Wiener Nussberg und l\u00e4sst vor allem Riesling und Wiener Gemischter Satz mit einer unglaublichen Mineralik und Komplexit\u00e4t entstehen.<\/p>\n<p>Weine:<a href=\"https:\/\/shop.pfarrplatz.com\/de\/wein\/ried-preussen-nussberg-wiener-gemischter-satz-dac-erste-lage-3\/\"><strong> Ried Preussen-Nussberg Erste Lage Wiener Gemischter Satz DAC<\/strong><\/a><\/p>\n<\/div><\/section><\/p>\n<\/div><\/div><\/div><div id='av-layout-grid-3'  class='av-layout-grid-container entry-content-wrapper main_color av-flex-cells     avia-builder-el-24  el_after_av_layout_row  avia-builder-el-last  av-cell-min-height av-cell-min-height-75 submenu-not-first container_wrap fullsize' style=' '   data-av_minimum_height_pc='75'>\n<div class=\"flex_cell no_margin av_one_half  avia-builder-el-25  el_before_av_cell_one_half  avia-builder-el-first   \"  style='vertical-align:middle; padding:30px; ' ><div class='flex_cell_inner' ><p><div  style='padding-bottom:10px; margin:0 0 0 0; color:#333333;' class='av-special-heading av-special-heading-h2 custom-color-heading blockquote modern-quote modern-centered  avia-builder-el-26  el_before_av_hr  avia-builder-el-first  pp_header '><h2 class='av-special-heading-tag '  itemprop=\"headline\"  >Ried Langteufel-Nussberg<\/h2><div class='special-heading-border'><div class='special-heading-inner-border' style='border-color:#333333'><\/div><\/div><\/div><br \/>\n<div  style='height:50px' class='hr hr-invisible   avia-builder-el-27  el_after_av_heading  el_before_av_image '><span class='hr-inner ' ><span class='hr-inner-style'><\/span><\/span><\/div><br \/>\n<div  class='avia-image-container  av-styling-   av-desktop-hide av-medium-hide  avia-builder-el-28  el_after_av_hr  el_before_av_image  avia-align-center '  itemprop=\"image\" itemscope=\"itemscope\" itemtype=\"https:\/\/schema.org\/ImageObject\"  ><div class='avia-image-container-inner'><div class='avia-image-overlay-wrap'><img decoding=\"async\" class='wp-image-8047 avia-img-lazy-loading-not-8047 avia_image' src=\"https:\/\/www.rotes-haus.at\/wp-content\/uploads\/sites\/19\/2019\/11\/Wiener-Nussberg.jpg\" alt='' title='Wiener Nussberg' height=\"1333\" width=\"2000\"  itemprop=\"thumbnailUrl\"  \/><\/div><\/div><\/div><br \/>\n<br \/>\n<section class=\"av_textblock_section \"  itemscope=\"itemscope\" itemtype=\"https:\/\/schema.org\/CreativeWork\" ><div class='avia_textblock pp_raster_text '  style='font-size:18px; '  itemprop=\"text\" ><p>Die Einzellage Langteufel ist ein Teil der Grosslage \u201eNussberg\u201c. Die Bezeichnung leitet sich von der Grundst\u00fccksform ab. Die Ried Langteufel ist eine lange, keilf\u00f6rmig nach S\u00fcd-Westen exponierte Ried, die bei der Bewirtschaftung \u00a0schon immer sehr viel M\u00fche machte. So fluchten die Hauer: \u201e Teufel ist der Lang\u201c. Urkundlich erw\u00e4hnt wurde diese Lage erstmals 1384 als \u201eLangtewel am Nusper\u201c.<\/p>\n<p>Die Ried Langteufel ist der Preussen nicht un\u00e4hnlich und zeichnet sich durch Sandstein mit hohen Quarzanteil und Meeresablagerungen aus.<\/p>\n<p>Weine: <a href=\"https:\/\/shop.pfarrplatz.com\/de\/wein\/ried-langteufel-nussberg-wiener-gemischter-satz-dac-erste-lage-2\/\"><strong>Ried Langteufel-Nussberg Erste Lage Wiener Gemischter Satz DAC<\/strong><\/a><\/p>\n<\/div><\/section><\/p>\n<\/div><\/div><div class=\"flex_cell no_margin av_one_half  avia-builder-el-31  el_after_av_cell_one_half  avia-builder-el-last   avia-full-stretch av-hide-on-mobile  \"  style='background:url(https:\/\/www.rotes-haus.at\/wp-content\/uploads\/sites\/19\/2019\/11\/Wiener-Nussberg.jpg) center center no-repeat scroll; vertical-align:top; padding:30px; ' ><div class='flex_cell_inner' ><\/div><\/div><\/div><\/p>\n","protected":false},"excerpt":{"rendered":"","protected":false},"author":1,"featured_media":0,"parent":0,"menu_order":16,"comment_status":"closed","ping_status":"closed","template":"","meta":{"footnotes":""},"class_list":["post-5553","page","type-page","status-publish","hentry"],"_links":{"self":[{"href":"https:\/\/www.rotes-haus.at\/de\/wp-json\/wp\/v2\/pages\/5553","targetHints":{"allow":["GET"]}}],"collection":[{"href":"https:\/\/www.rotes-haus.at\/de\/wp-json\/wp\/v2\/pages"}],"about":[{"href":"https:\/\/www.rotes-haus.at\/de\/wp-json\/wp\/v2\/types\/page"}],"author":[{"embeddable":true,"href":"https:\/\/www.rotes-haus.at\/de\/wp-json\/wp\/v2\/users\/1"}],"replies":[{"embeddable":true,"href":"https:\/\/www.rotes-haus.at\/de\/wp-json\/wp\/v2\/comments?post=5553"}],"version-history":[{"count":10,"href":"https:\/\/www.rotes-haus.at\/de\/wp-json\/wp\/v2\/pages\/5553\/revisions"}],"predecessor-version":[{"id":40773,"href":"https:\/\/www.rotes-haus.at\/de\/wp-json\/wp\/v2\/pages\/5553\/revisions\/40773"}],"wp:attachment":[{"href":"https:\/\/www.rotes-haus.at\/de\/wp-json\/wp\/v2\/media?parent=5553"}],"curies":[{"name":"wp","href":"https:\/\/api.w.org\/{rel}","templated":true}]}}